{"id":1786,"date":"2022-11-14T13:27:05","date_gmt":"2022-11-14T13:27:05","guid":{"rendered":"https:\/kalite-22-katilimci-listesi\/"},"modified":"2022-11-14T13:28:23","modified_gmt":"2022-11-14T13:28:23","slug":"kalite-22-katilimci-listesi","status":"publish","type":"page","link":"https:\/\/kalitefuari.com\/en\/kalite-22-katilimci-listesi\/","title":{"rendered":"Kalite &#8217;22 Exhibitors List"},"content":{"rendered":"<table width=\"703\">\n<tbody>\n<tr>\n<td width=\"703\">3DM TEKNOLOJ\u0130 SAN. VE T\u0130C. A.\u015e.<\/td>\n<\/tr>\n<tr>\n<td>A.R.T. YAYINCILIK LTD.<\/td>\n<\/tr>\n<tr>\n<td>ADLEMA MAK\u0130NA TEKNOLOJ\u0130LER\u0130 A.\u015e.<\/td>\n<\/tr>\n<tr>\n<td>AJANSM\u0130K YAYINCILIK REKLAM TURZ. VE ORG. SAN. T\u0130C. LTD. \u015eT\u0130.<\/td>\n<\/tr>\n<tr>\n<td>AKIN NDT KAL\u0130TE VE SERV\u0130SLER\u0130 LTD.\u015eT\u0130.<\/td>\n<\/tr>\n<tr>\n<td>ALPEGE END\u00dcSTR\u0130YEL METROLOJ\u0130 SAN.H\u0130Z.VE DI\u015e T\u0130C.LTD.\u015eT\u0130.<\/td>\n<\/tr>\n<tr>\n<td>ALS LABORATUVAR C\u0130HAZLARI PAZ.VE T\u0130C.LTD.\u015eT\u0130.<\/td>\n<\/tr>\n<tr>\n<td>AZE OTOMASYON E\u011e\u0130T\u0130M VE DANI\u015eMANLIK A.\u015e.<\/td>\n<\/tr>\n<tr>\n<td>B\u0130LG\u0130NO\u011eLU END\u00dcSTR\u0130 MALZEMELER\u0130 SAN.T\u0130C.A.\u015e.<\/td>\n<\/tr>\n<tr>\n<td>BVA M\u00dcMESS\u0130LL\u0130K MAK\u0130NA SAN.VE T\u0130C.LTD.\u015eT\u0130.<\/td>\n<\/tr>\n<tr>\n<td>CADEM METROLOJ\u0130 \u00c7\u00d6Z\u00dcMLER\u0130 A.\u015e.<\/td>\n<\/tr>\n<tr>\n<td>CARL ZEISS TEKNOLOJ\u0130 \u00c7\u00d6Z\u00dcMLER\u0130 T\u0130C.LTD.\u015eT\u0130.<\/td>\n<\/tr>\n<tr>\n<td>DEN\u0130Z METAL \u0130TH.\u0130HR.PAZ.SAN.VE T\u0130C.LTD.\u015eT\u0130.<\/td>\n<\/tr>\n<tr>\n<td>GED\u0130K E\u011e\u0130T\u0130M VE SOSYAL YARDIM VAKFI<\/td>\n<\/tr>\n<tr>\n<td>HEXAGON METROLOGY MAK\u0130NE T\u0130C.VE SAN.LTD. \u015eT\u0130.<\/td>\n<\/tr>\n<tr>\n<td>H\u0130T\u0130T METALURJ\u0130 END.C\u0130H.SAN.T\u0130C.LTD.\u015eT\u0130.<\/td>\n<\/tr>\n<tr>\n<td>INSTRO END\u00dcSTR\u0130YEL \u00d6L\u00c7\u00dcM \u00dcR\u00dcNLER\u0130 SAN.T\u0130C.LTD.\u015eT\u0130.<\/td>\n<\/tr>\n<tr>\n<td>\u0130GEME \u0130HRACATI GEL\u0130\u015eT\u0130RME MERKEZ\u0130<\/td>\n<\/tr>\n<tr>\n<td>\u0130NCEKARALAR TIBB\u0130 C\u0130HAZLAR T\u0130CARET A.\u015e.<\/td>\n<\/tr>\n<tr>\n<td>\u0130NFOTRON ELEKTRON\u0130K VE B\u0130LG\u0130SAYAR S\u0130ST.\u00dcRET\u0130M VE T\u0130C.A.\u015e.<\/td>\n<\/tr>\n<tr>\n<td>KAL-MET KAL\u0130BRASYON T\u0130CARET LTD.\u015eT\u0130.<\/td>\n<\/tr>\n<tr>\n<td>KARFO END\u00dcSTR\u0130YEL VE LAB. C\u0130H. SAN. DI\u015e T\u0130C. LTD. \u015eT\u0130.<\/td>\n<\/tr>\n<tr>\n<td width=\"703\">KBE M\u00dcHEND\u0130SL\u0130K MAK.TASARIM OTOMOT\u0130V VE YAZILIM DESTEK SAN.VE T\u0130C.LTD.\u015eT\u0130.<\/td>\n<\/tr>\n<tr>\n<td>KIVRAK MAK\u0130NA SAN.T\u0130C.A.\u015e.<\/td>\n<\/tr>\n<tr>\n<td>LABO MAK\u0130NA SANAY\u0130 VE T\u0130CARET A.\u015e.<\/td>\n<\/tr>\n<tr>\n<td>LEICA TEKNOLOJ\u0130 \u00c7\u00d6Z\u00dcMLER\u0130 DA\u011eITIM LTD. \u015eT\u0130.<\/td>\n<\/tr>\n<tr>\n<td>MAK ELEKTRON\u0130K MALZEME ANAL\u0130Z VE KAL\u0130TE KONTROL C\u0130H.DI\u015e.T\u0130C.LTD.\u015eT\u0130.<\/td>\n<\/tr>\n<tr>\n<td>MAKRO TEKN\u0130K MALZ.VE MAK.SAN.DI\u015e T\u0130C.LTD.\u015eT\u0130.<\/td>\n<\/tr>\n<tr>\n<td>MEGA DANI\u015eMANLIK TEMS\u0130LC\u0130L\u0130K DI\u015e T\u0130C.A.\u015e.<\/td>\n<\/tr>\n<tr>\n<td>MESTEK KAL\u0130TE KONTROL VE \u00d6L\u00c7ME S\u0130STEMLER\u0130 SAN.T\u0130C.LTD.\u015eT\u0130.<\/td>\n<\/tr>\n<tr>\n<td>METKON END\u00dcSTR\u0130YEL C\u0130H.SAN.VE T\u0130C.A.\u015e.<\/td>\n<\/tr>\n<tr>\n<td>M\u0130KROTEST END.C\u0130H.PAZ.SAN. VE T\u0130C. LTD. \u015eT\u0130.<\/td>\n<\/tr>\n<tr>\n<td>M\u0130SAD METAL ISIL \u0130\u015eLEM SANAY\u0130C\u0130LER\u0130 DERNE\u011e\u0130<\/td>\n<\/tr>\n<tr>\n<td>MTC METALURJ\u0130 SANAY\u0130 VE T\u0130CARET A.\u015e.<\/td>\n<\/tr>\n<tr>\n<td>NORM TAM TAKIM APARAT MASTAR \u0130ML.SAN.VE T\u0130C.LTD.\u015eT\u0130.<\/td>\n<\/tr>\n<tr>\n<td>OFEMS M\u00dcHEND\u0130SL\u0130K TASARIM H\u0130ZMETLER\u0130 MAK.OTOMOT\u0130V \u0130TH.\u0130HR.A.\u015e.<\/td>\n<\/tr>\n<tr>\n<td>ONALKON KAL\u0130TE KONTROL END.OTO.MAK.SAN.T\u0130C.LTD.\u015eT\u0130.<\/td>\n<\/tr>\n<tr>\n<td>\u00d6ZDEM\u0130R MODEL D\u00d6K\u00dcM KALIP YEDEK PAR\u00c7A SAN.VE T\u0130C.LTD.\u015eT\u0130.<\/td>\n<\/tr>\n<tr>\n<td>POL\u0130GON M\u00dcH.\u00dcR\u00dcN GEL\u0130\u015eT\u0130RME VE \u0130ML.TEKNOLOJ\u0130LER\u0130 A.\u015e.<\/td>\n<\/tr>\n<tr>\n<td>POLYWORKS YAZILIM SAN. VE T\u0130C. A.\u015e.<\/td>\n<\/tr>\n<tr>\n<td>PREST\u0130J YAYINCILIK BASIM H\u0130ZMETLER\u0130 SAN. VE T\u0130C. LTD. \u015eT\u0130.<\/td>\n<\/tr>\n<tr>\n<td>RENISHAW TEKNOLOJ\u0130 \u00c7\u00d6Z\u00dcMLER\u0130 LTD.\u015eT\u0130.<\/td>\n<\/tr>\n<tr>\n<td>SEKT\u00d6REL TANITIM GRUBU VE REK. VE T\u0130C. LTD. \u015eT\u0130.<\/td>\n<\/tr>\n<tr>\n<td>STAR TEKN\u0130K ELK. C\u0130H.SAN.T\u0130C.LTD.\u015eT\u0130.<\/td>\n<\/tr>\n<tr>\n<td>TAKIM TEZGAHLARI SANAY\u0130C\u0130 VE \u0130\u015e \u0130NSANLARI DERNE\u011e\u0130 (T\u0130AD)<\/td>\n<\/tr>\n<tr>\n<td>TA\u015eIYANLAR DERG\u0130S\u0130-\u00dcSTYAPI DERG\u0130S\u0130<\/td>\n<\/tr>\n<tr>\n<td>TDB KAL\u0130BRASYON H\u0130ZMETLER\u0130 A.\u015e.<\/td>\n<\/tr>\n<tr>\n<td>TROY-MET KAL\u0130TE KONTROL S\u0130STEMLER\u0130 SAN.T\u0130C.LTD.\u015eT\u0130.<\/td>\n<\/tr>\n<tr>\n<td>T\u00dcMAY MAK\u0130NE MONTAJ DEM\u0130R\u00c7EL\u0130K SAN.VE T\u0130C.LTD.\u015eT\u0130.<\/td>\n<\/tr>\n<tr>\n<td>UVE KAL\u0130BRASYON \u00d6L\u00c7\u00dcM VE TEST C\u0130HAZLARI SAN.VE T\u0130C.LTD.\u015eT\u0130.<\/td>\n<\/tr>\n<tr>\n<td>VECTOR METROLOGY M\u00dcH.SAN. VE T\u0130C. LTD.\u015eT\u0130.<\/td>\n<\/tr>\n<tr>\n<td>YAMER END\u00dcSTR\u0130YEL \u00dcR\u00dcNLER T\u0130C.LTD.\u015eT\u0130.<\/td>\n<\/tr>\n<\/tbody>\n<\/table>\n","protected":false},"excerpt":{"rendered":"<p>3DM TEKNOLOJ\u0130 SAN. VE T\u0130C. A.\u015e. A.R.T. YAYINCILIK LTD. ADLEMA MAK\u0130NA TEKNOLOJ\u0130LER\u0130 A.\u015e. AJANSM\u0130K YAYINCILIK REKLAM TURZ. VE ORG. SAN. T\u0130C. LTD. \u015eT\u0130. AKIN NDT KAL\u0130TE VE SERV\u0130SLER\u0130 LTD.\u015eT\u0130. ALPEGE END\u00dcSTR\u0130YEL METROLOJ\u0130 SAN.H\u0130Z.VE DI\u015e T\u0130C.LTD.\u015eT\u0130. ALS LABORATUVAR C\u0130HAZLARI PAZ.VE T\u0130C.LTD.\u015eT\u0130. AZE OTOMASYON E\u011e\u0130T\u0130M VE DANI\u015eMANLIK A.\u015e. B\u0130LG\u0130NO\u011eLU END\u00dcSTR\u0130 MALZEMELER\u0130 SAN.T\u0130C.A.\u015e. BVA M\u00dcMESS\u0130LL\u0130K MAK\u0130NA SAN.VE T\u0130C.LTD.\u015eT\u0130.&hellip;<\/p>\n","protected":false},"author":1,"featured_media":0,"parent":0,"menu_order":0,"comment_status":"closed","ping_status":"closed","template":"","meta":{"_exactmetrics_skip_tracking":false,"_exactmetrics_sitenote_active":false,"_exactmetrics_sitenote_note":"","_exactmetrics_sitenote_category":0,"footnotes":""},"class_list":["post-1786","page","type-page","status-publish","hentry","entry","no-media"],"_links":{"self":[{"href":"https:\/\/kalitefuari.com\/en\/wp-json\/wp\/v2\/pages\/1786"}],"collection":[{"href":"https:\/\/kalitefuari.com\/en\/wp-json\/wp\/v2\/pages"}],"about":[{"href":"https:\/\/kalitefuari.com\/en\/wp-json\/wp\/v2\/types\/page"}],"author":[{"embeddable":true,"href":"https:\/\/kalitefuari.com\/en\/wp-json\/wp\/v2\/users\/1"}],"replies":[{"embeddable":true,"href":"https:\/\/kalitefuari.com\/en\/wp-json\/wp\/v2\/comments?post=1786"}],"version-history":[{"count":1,"href":"https:\/\/kalitefuari.com\/en\/wp-json\/wp\/v2\/pages\/1786\/revisions"}],"predecessor-version":[{"id":1787,"href":"https:\/\/kalitefuari.com\/en\/wp-json\/wp\/v2\/pages\/1786\/revisions\/1787"}],"wp:attachment":[{"href":"https:\/\/kalitefuari.com\/en\/wp-json\/wp\/v2\/media?parent=1786"}],"curies":[{"name":"wp","href":"https:\/\/api.w.org\/{rel}","templated":true}]}}