{"id":2358,"date":"2024-09-16T14:07:31","date_gmt":"2024-09-16T14:07:31","guid":{"rendered":"https:\/katilimci-listesi\/"},"modified":"2024-10-16T07:12:50","modified_gmt":"2024-10-16T07:12:50","slug":"kalite-24-katilimci-listesi","status":"publish","type":"page","link":"https:\/\/kalitefuari.com\/en\/kalite-24-katilimci-listesi\/","title":{"rendered":"Exhibitors List"},"content":{"rendered":"<div class=\"wpb-content-wrapper\">[vc_row][vc_column css=&#8221;.vc_custom_1726495668821{margin: 10px !important;padding: 10px !important;}&#8221;][vc_column_text line_height=&#8221;loose&#8221;]\n<h4>3DM TEKNOLOJ\u0130 SAN.VE T\u0130C.A.\u015e.<br \/>\nA.R.T. YAYINCILIK<br \/>\nADLEMA MAK\u0130NA TEKNOLOJ\u0130LER\u0130 A.\u015e.<br \/>\nAJANSM\u0130K FUARCILIK VE MEDYA H\u0130ZMETLER\u0130 LTD. \u015eT\u0130.<br \/>\nALETEC \u0130LER\u0130 TEKNOLOJ\u0130LER\u0130 A.\u015e.<br \/>\nALS LABORATUAR C\u0130HAZLARI PAZ.VE T\u0130C.LTD.\u015eT\u0130.<br \/>\nALT\u0130UM INTERNATIONAL LABORATUVAR C\u0130H.A.\u015e.<br \/>\nAZE OTOMASYON E\u011e\u0130T\u0130M VE DANI\u015eMANLIK A.\u015e.<br \/>\nB\u0130LG\u0130NO\u011eLU END\u00dcSTR\u0130 MALZEMELER\u0130 SAN.T\u0130C.A.\u015e.<br \/>\nBMS B\u0130LG\u0130NO\u011eLU MAK\u0130NE SAN.VE T\u0130C.A.\u015e.<br \/>\nBMS BULUT MAK. SAN.VE T\u0130C.LTD.\u015eT\u0130.<br \/>\nBVA M\u00dcMESS\u0130LL\u0130K MAK\u0130NA SAN.VE T\u0130C.LTD.\u015eT\u0130.<br \/>\nCADEM DIGITAL YAZILIM H\u0130ZMETLER\u0130 A.\u015e.<br \/>\nCADEM METROLOJ\u0130 \u00c7\u00d6Z\u00dcMLER\u0130 A.\u015e.<br \/>\nCARL ZEISS TEKNOLOJ\u0130 \u00c7\u00d6Z\u00dcMLER\u0130 T\u0130C.LTD.\u015eT\u0130.<br \/>\nDENEYLAB ANAL\u0130Z S\u0130STEMLER\u0130 M\u00dcM.T\u0130C.LTD.\u015eT\u0130.<br \/>\nDEN\u0130Z METAL \u0130TH.\u0130HR.PAZ.SAN.VE T\u0130C.LTD.\u015eT\u0130.<br \/>\nDURU S\u0130STEM MAK\u0130NE SAN.T\u0130C.LTD.\u015eT\u0130.<br \/>\nEBATEST \u00d6L\u00c7\u00dcM VE KONTROL C\u0130HAZLARI SAN.VE T\u0130C.LTD.\u015eT\u0130.<br \/>\nGRANPECT COMPANY LIMITED<br \/>\nGTECH KES\u0130C\u0130 TAKIMLAR SAN. VE T\u0130C. LTD. \u015eT\u0130.<br \/>\nHAHN+KOLB END\u00dcSTR\u0130 \u00dcR\u00dcNLER\u0130 T\u0130C.LTD.\u015eT\u0130.<br \/>\nHEXAGON METROLOGY MAK\u0130NE T\u0130C.VE SAN.LTD. \u015eT\u0130.<br \/>\nINSTRO END\u00dcSTR\u0130YEL \u00d6L\u00c7\u00dcM \u00dcR\u00dcNLER\u0130 SAN.T\u0130C.LTD.\u015eT\u0130.<br \/>\n\u0130NCEKARALAR TIBB\u0130 C\u0130HAZLAR T\u0130CARET A.\u015e.<br \/>\n\u0130NFOTRON ELEKTRON\u0130K VE B\u0130LG\u0130SAYAR S\u0130ST.\u00dcRET\u0130M VE T\u0130C.A.\u015e.<br \/>\nKAO ELEKTRON\u0130K VE B\u0130LG\u0130SAYAR SAN.T\u0130C.LTD.\u015eT\u0130.<br \/>\nKARFO END\u00dcSTR\u0130YEL VE LAB. C\u0130H. SAN. DI\u015e T\u0130C.LTD.\u015eT\u0130.<br \/>\nLTC ELMAS<br \/>\nMAK ELEKTRON\u0130K MALZEME ANAL\u0130Z VE KAL\u0130TE KONTROL C\u0130H.DI\u015e.T\u0130C.LTD.\u015eT\u0130.<br \/>\nMAKRO TEKN\u0130K MALZEME VE MAK.SAN. DI\u015e T\u0130C.LTD.\u015eT\u0130.<br \/>\nMEGA DANI\u015eMANLIK TEMS\u0130LC\u0130L\u0130K DI\u015e T\u0130C.A.\u015e.<br \/>\nMETKON END\u00dcSTR\u0130YEL C\u0130H.SAN.VE T\u0130C.A.\u015e.<br \/>\nM\u0130KROTEST END.C\u0130H.PAZ.SAN. VE T\u0130C. LTD. \u015eT\u0130.<br \/>\nM\u0130TALON \u0130NOVAT\u0130F M\u00dcHEND\u0130SL\u0130K \u00dcRET\u0130M SAN. VE T\u0130C. LTD.\u015eT\u0130.<br \/>\nMTC METALURJ\u0130 SANAY\u0130 VE T\u0130CARET A.\u015e.<br \/>\nN\u00dcMER\u0130K KONTROL GRUP B\u0130LG\u0130SAYAR SAN.VE T\u0130C.A.\u015e.<br \/>\nOACON END\u00dcSTR\u0130 TEKNOLOJ\u0130LER\u0130 SAN.VE T\u0130C. A.\u015e.<br \/>\nOFEMS M\u00dcHEND\u0130SL\u0130K TASARIM H\u0130ZMETLER\u0130 MAK.OTOMOT\u0130V \u0130TH.\u0130HR.A.\u015e.<br \/>\nONALKON KAL\u0130TE KONTROL END.OTO.MAK.SAN.T\u0130C.LTD.\u015eT\u0130.<br \/>\n\u00d6ZDEM\u0130R MODEL D\u00d6K\u00dcM KALIP YEDEK PAR\u00c7A SAN.VE T\u0130C.LTD.\u015eT\u0130.<br \/>\nPOL\u0130GON M\u00dcH.\u00dcR\u00dcN GEL\u0130\u015eT\u0130RME VE \u0130ML.TEKNOLOJ\u0130LER\u0130 A.\u015e.<br \/>\nPOLYWORKS YAZILIM SAN.VE T\u0130C.A.\u015e.<br \/>\nPREST\u0130J YAYINCILIK BASIM H\u0130ZMETLER\u0130 SAN. VE T\u0130C.LTD.\u015eT\u0130.<br \/>\nRENISHAW TEKNOLOJ\u0130 \u00c7\u00d6Z\u00dcMLER\u0130 LTD.\u015eT\u0130.<br \/>\nREPAMET ELEKTRON\u0130K S\u0130ST.M\u00dcM.TEKN\u0130K SERV\u0130S VE T\u0130C.LTD.\u015eT\u0130.<br \/>\nSCANFORM T\u00dcRK\u0130YE<br \/>\nSEKT\u00d6REL TANITIM GRUBU VE REK. VE T\u0130C.LTD.\u015eT\u0130.<br \/>\nS\u0130MES KAL\u0130TE OTOMASYON M\u00dcH. SAN.T\u0130C.LTD.\u015eT\u0130.<br \/>\nSTAR TEKN\u0130K ELK. C\u0130H.SAN.T\u0130C.LTD.\u015eT\u0130.<br \/>\nTAKIM TEZGAHLARI SANAY\u0130C\u0130 VE \u0130\u015e \u0130NSANLARI DERNE\u011e\u0130 (T\u0130AD)<br \/>\nTDB KAL\u0130BRASYON H\u0130ZMETLER\u0130 A.\u015e.<br \/>\nTEKAFOS TEKNOLOJ\u0130K S\u0130STEMLER T\u0130C.LTD.\u015eT\u0130.<br \/>\nTETRA TEKNOLOJ\u0130K S\u0130STEMLER A.\u015e.<br \/>\nTOLERANS YAZILIM VE M\u00dcH.H\u0130ZM.LTD.\u015eT\u0130.<br \/>\nTROY-MET KAL\u0130TE KONTROL S\u0130STEMLER\u0130 SAN.T\u0130C.LTD.\u015eT\u0130.<br \/>\nVECTOR METROLOGY M\u00dcH.SAN. VE T\u0130C. LTD.\u015eT\u0130.<br \/>\nWEIBO INSTRUMENT CO., LTD JIANGSU<br \/>\nYAMER END\u00dcSTR\u0130YEL \u00dcR\u00dcNLER T\u0130C.LTD.\u015eT\u0130.<br \/>\nZETMES MAK\u0130NE SANAY\u0130 VE T\u0130CARET A.\u015e.<\/h4>\n[\/vc_column_text][\/vc_column][\/vc_row]\n<\/div>","protected":false},"excerpt":{"rendered":"<p>[vc_row][vc_column css=&#8221;.vc_custom_1726495668821{margin: 10px !important;padding: 10px !important;}&#8221;][vc_column_text line_height=&#8221;loose&#8221;] 3DM TEKNOLOJ\u0130 SAN.VE T\u0130C.A.\u015e. A.R.T. YAYINCILIK ADLEMA MAK\u0130NA TEKNOLOJ\u0130LER\u0130 A.\u015e. AJANSM\u0130K FUARCILIK VE MEDYA H\u0130ZMETLER\u0130 LTD. \u015eT\u0130. ALETEC \u0130LER\u0130 TEKNOLOJ\u0130LER\u0130 A.\u015e. ALS LABORATUAR C\u0130HAZLARI PAZ.VE T\u0130C.LTD.\u015eT\u0130. ALT\u0130UM INTERNATIONAL LABORATUVAR C\u0130H.A.\u015e. AZE OTOMASYON E\u011e\u0130T\u0130M VE DANI\u015eMANLIK A.\u015e. B\u0130LG\u0130NO\u011eLU END\u00dcSTR\u0130 MALZEMELER\u0130 SAN.T\u0130C.A.\u015e. BMS B\u0130LG\u0130NO\u011eLU MAK\u0130NE SAN.VE T\u0130C.A.\u015e. BMS BULUT MAK.&hellip;<\/p>\n","protected":false},"author":1,"featured_media":0,"parent":0,"menu_order":0,"comment_status":"closed","ping_status":"closed","template":"","meta":{"_exactmetrics_skip_tracking":false,"_exactmetrics_sitenote_active":false,"_exactmetrics_sitenote_note":"","_exactmetrics_sitenote_category":0,"footnotes":""},"class_list":["post-2358","page","type-page","status-publish","hentry","entry","no-media"],"_links":{"self":[{"href":"https:\/\/kalitefuari.com\/en\/wp-json\/wp\/v2\/pages\/2358"}],"collection":[{"href":"https:\/\/kalitefuari.com\/en\/wp-json\/wp\/v2\/pages"}],"about":[{"href":"https:\/\/kalitefuari.com\/en\/wp-json\/wp\/v2\/types\/page"}],"author":[{"embeddable":true,"href":"https:\/\/kalitefuari.com\/en\/wp-json\/wp\/v2\/users\/1"}],"replies":[{"embeddable":true,"href":"https:\/\/kalitefuari.com\/en\/wp-json\/wp\/v2\/comments?post=2358"}],"version-history":[{"count":3,"href":"https:\/\/kalitefuari.com\/en\/wp-json\/wp\/v2\/pages\/2358\/revisions"}],"predecessor-version":[{"id":2371,"href":"https:\/\/kalitefuari.com\/en\/wp-json\/wp\/v2\/pages\/2358\/revisions\/2371"}],"wp:attachment":[{"href":"https:\/\/kalitefuari.com\/en\/wp-json\/wp\/v2\/media?parent=2358"}],"curies":[{"name":"wp","href":"https:\/\/api.w.org\/{rel}","templated":true}]}}