{"id":52,"date":"2019-10-17T14:47:17","date_gmt":"2019-10-17T14:47:17","guid":{"rendered":"https:\/\/?page_id=52"},"modified":"2023-10-11T11:35:56","modified_gmt":"2023-10-11T11:35:56","slug":"kalite-23-exhibitors-list","status":"publish","type":"page","link":"https:\/\/kalitefuari.com\/en\/kalite-23-exhibitors-list\/","title":{"rendered":"Kalite &#8217;23 Exhibitors List"},"content":{"rendered":"<div class=\"wpb-content-wrapper\">[vc_row full_width=&#8221;stretch_row_content&#8221;][vc_column]\n\t\t\t<!-- START reklam23 REVOLUTION SLIDER 6.7.18 --><p class=\"rs-p-wp-fix\"><\/p>\n\t\t\t<rs-module-wrap id=\"rev_slider_23_1_wrapper\" data-source=\"gallery\" style=\"visibility:hidden;background:transparent;padding:0;margin:0px auto;margin-top:0;margin-bottom:0;\">\n\t\t\t\t<rs-module id=\"rev_slider_23_1\" style=\"\" data-version=\"6.7.18\">\n\t\t\t\t\t<rs-slides style=\"overflow: hidden; position: absolute;\">\n\t\t\t\t\t\t<rs-slide style=\"position: absolute;\" data-key=\"rs-219\" data-title=\"Slide\" data-in=\"o:0;\" data-out=\"a:false;\">\n\t\t\t\t\t\t\t<img src=\"\/\/kalitefuari.com\/wp-content\/plugins\/revslider\/sr6\/assets\/assets\/dummy.png\" alt=\"Slide\" title=\"Kalite &#8217;23 Exhibitors List\" class=\"rev-slidebg tp-rs-img rs-lazyload\" data-lazyload=\"\/\/kalitefuari.com\/wp-content\/plugins\/revslider\/sr6\/assets\/assets\/transparent.png\" data-no-retina>\n<!--\n\t\t\t\t\t\t\t--><a\n\t\t\t\t\t\t\t\tid=\"slider-23-slide-219-layer-0\" \n\t\t\t\t\t\t\t\tclass=\"rs-layer\"\n\t\t\t\t\t\t\t\thref=\"https:\/\/www.mtcmetalurji.com\/\" target=\"_blank\" rel=\"noopener\"\n\t\t\t\t\t\t\t\tdata-type=\"image\"\n\t\t\t\t\t\t\t\tdata-rsp_ch=\"on\"\n\t\t\t\t\t\t\t\tdata-xy=\"xo:210px,210px,210px,27px;y:t,t,t,m;yo:182px,182px,182px,-111px;\"\n\t\t\t\t\t\t\t\tdata-text=\"w:normal;s:20,20,20,4;l:0,0,0,6;\"\n\t\t\t\t\t\t\t\tdata-dim=\"w:300px,300px,300px,200px;h:150px,150px,150px,100px;\"\n\t\t\t\t\t\t\t\tdata-border=\"bos:solid;boc:#000000;bow:1px,1px,1px,1px;\"\n\t\t\t\t\t\t\t\tdata-frame_999=\"o:0;st:w;\"\n\t\t\t\t\t\t\t\tstyle=\"z-index:5;\"\n\t\t\t\t\t\t\t><img src=\"\/\/kalitefuari.com\/wp-content\/plugins\/revslider\/sr6\/assets\/assets\/dummy.png\" alt=\"\" class=\"tp-rs-img rs-lazyload\" width=\"300\" height=\"150\" data-lazyload=\"\/\/kalitefuari.com\/wp-content\/uploads\/2023\/01\/mtc-metalurji-1.jpg\" data-no-retina> \n\t\t\t\t\t\t\t<\/a><!--\n\n\t\t\t\t\t\t\t--><a\n\t\t\t\t\t\t\t\tid=\"slider-23-slide-219-layer-1\" \n\t\t\t\t\t\t\t\tclass=\"rs-layer\"\n\t\t\t\t\t\t\t\thref=\"https:\/\/www.instro.com.tr\/\" target=\"_blank\" rel=\"noopener\"\n\t\t\t\t\t\t\t\tdata-type=\"image\"\n\t\t\t\t\t\t\t\tdata-rsp_ch=\"on\"\n\t\t\t\t\t\t\t\tdata-xy=\"xo:1488px,1488px,1488px,30px;y:t,t,t,b;yo:9px,9px,9px,240px;\"\n\t\t\t\t\t\t\t\tdata-text=\"w:normal;s:20,20,20,4;l:0,0,0,6;\"\n\t\t\t\t\t\t\t\tdata-dim=\"w:300px,300px,300px,194px;h:150px,150px,150px,97px;\"\n\t\t\t\t\t\t\t\tdata-border=\"bos:solid;boc:#000000;bow:1px,1px,1px,1px;\"\n\t\t\t\t\t\t\t\tdata-frame_999=\"o:0;st:w;\"\n\t\t\t\t\t\t\t\tstyle=\"z-index:13;\"\n\t\t\t\t\t\t\t><img src=\"\/\/kalitefuari.com\/wp-content\/plugins\/revslider\/sr6\/assets\/assets\/dummy.png\" alt=\"\" class=\"tp-rs-img rs-lazyload\" width=\"300\" height=\"150\" data-lazyload=\"\/\/kalitefuari.com\/wp-content\/uploads\/2024\/03\/instro.png\" data-no-retina> \n\t\t\t\t\t\t\t<\/a><!--\n\n\t\t\t\t\t\t\t--><a\n\t\t\t\t\t\t\t\tid=\"slider-23-slide-219-layer-2\" \n\t\t\t\t\t\t\t\tclass=\"rs-layer\"\n\t\t\t\t\t\t\t\thref=\"https:\/\/www.bilginoglu-endustri.com.tr\/\" target=\"_blank\" rel=\"noopener\"\n\t\t\t\t\t\t\t\tdata-type=\"image\"\n\t\t\t\t\t\t\t\tdata-rsp_ch=\"on\"\n\t\t\t\t\t\t\t\tdata-xy=\"x:c,c,c,r;xo:317px,317px,317px,39px;yo:9px,9px,9px,125px;\"\n\t\t\t\t\t\t\t\tdata-text=\"w:normal;s:20,20,20,4;l:0,0,0,6;\"\n\t\t\t\t\t\t\t\tdata-dim=\"w:300px,300px,300px,191px;h:150px,150px,150px,96px;\"\n\t\t\t\t\t\t\t\tdata-border=\"bos:solid;boc:#000000;bow:1px,1px,1px,1px;\"\n\t\t\t\t\t\t\t\tdata-frame_999=\"o:0;st:w;\"\n\t\t\t\t\t\t\t\tstyle=\"z-index:9;\"\n\t\t\t\t\t\t\t><img src=\"\/\/kalitefuari.com\/wp-content\/plugins\/revslider\/sr6\/assets\/assets\/dummy.png\" alt=\"\" class=\"tp-rs-img rs-lazyload\" width=\"300\" height=\"150\" data-lazyload=\"\/\/kalitefuari.com\/wp-content\/uploads\/2023\/03\/bilginoglu.png\" data-no-retina> \n\t\t\t\t\t\t\t<\/a><!--\n\n\t\t\t\t\t\t\t--><a\n\t\t\t\t\t\t\t\tid=\"slider-23-slide-219-layer-3\" \n\t\t\t\t\t\t\t\tclass=\"rs-layer\"\n\t\t\t\t\t\t\t\thref=\"https:\/\/hexagon.com\/\" target=\"_blank\" rel=\"noopener\"\n\t\t\t\t\t\t\t\tdata-type=\"image\"\n\t\t\t\t\t\t\t\tdata-rsp_ch=\"on\"\n\t\t\t\t\t\t\t\tdata-xy=\"xo:211px,211px,211px,24px;yo:9px,9px,9px,11px;\"\n\t\t\t\t\t\t\t\tdata-text=\"w:normal;s:20,20,20,4;l:0,0,0,6;\"\n\t\t\t\t\t\t\t\tdata-dim=\"w:300px,300px,300px,200px;h:150px,150px,150px,100px;\"\n\t\t\t\t\t\t\t\tdata-frame_999=\"o:0;st:w;\"\n\t\t\t\t\t\t\t\tstyle=\"z-index:6;\"\n\t\t\t\t\t\t\t><img src=\"\/\/kalitefuari.com\/wp-content\/plugins\/revslider\/sr6\/assets\/assets\/dummy.png\" alt=\"\" class=\"tp-rs-img rs-lazyload\" width=\"300\" height=\"150\" data-lazyload=\"\/\/kalitefuari.com\/wp-content\/uploads\/2025\/08\/hexagon.jpg\" data-no-retina> \n\t\t\t\t\t\t\t<\/a><!--\n\n\t\t\t\t\t\t\t--><a\n\t\t\t\t\t\t\t\tid=\"slider-23-slide-219-layer-4\" \n\t\t\t\t\t\t\t\tclass=\"rs-layer\"\n\t\t\t\t\t\t\t\thref=\"https:\/\/www.yamer.com.tr\/\" target=\"_blank\" rel=\"noopener\"\n\t\t\t\t\t\t\t\tdata-type=\"image\"\n\t\t\t\t\t\t\t\tdata-rsp_ch=\"on\"\n\t\t\t\t\t\t\t\tdata-xy=\"x:c,c,c,r;xo:-317px,-317px,-317px,38px;yo:9px,9px,9px,15px;\"\n\t\t\t\t\t\t\t\tdata-text=\"w:normal;s:20,20,20,4;l:0,0,0,6;\"\n\t\t\t\t\t\t\t\tdata-dim=\"w:300px,300px,300px,195px;h:150px,150px,150px,98px;\"\n\t\t\t\t\t\t\t\tdata-border=\"bos:solid;boc:#000000;bow:1px,1px,1px,1px;\"\n\t\t\t\t\t\t\t\tdata-frame_999=\"o:0;st:w;\"\n\t\t\t\t\t\t\t\tstyle=\"z-index:7;\"\n\t\t\t\t\t\t\t><img src=\"\/\/kalitefuari.com\/wp-content\/plugins\/revslider\/sr6\/assets\/assets\/dummy.png\" alt=\"\" class=\"tp-rs-img rs-lazyload\" width=\"300\" height=\"150\" data-lazyload=\"\/\/kalitefuari.com\/wp-content\/uploads\/2019\/10\/yamer-1.jpg\" data-no-retina> \n\t\t\t\t\t\t\t<\/a><!--\n\n\t\t\t\t\t\t\t--><a\n\t\t\t\t\t\t\t\tid=\"slider-23-slide-219-layer-5\" \n\t\t\t\t\t\t\t\tclass=\"rs-layer\"\n\t\t\t\t\t\t\t\thref=\"https:\/\/www.karfo-endustriyel.com.tr\/\" target=\"_blank\" rel=\"noopener\"\n\t\t\t\t\t\t\t\tdata-type=\"image\"\n\t\t\t\t\t\t\t\tdata-rsp_ch=\"on\"\n\t\t\t\t\t\t\t\tdata-xy=\"x:c,c,c,l;xo:0,0,0,23px;y:t,t,t,m;yo:9px,9px,9px,-225px;\"\n\t\t\t\t\t\t\t\tdata-text=\"w:normal;s:20,20,20,4;l:0,0,0,6;\"\n\t\t\t\t\t\t\t\tdata-dim=\"w:300px,300px,300px,200px;h:150px,150px,150px,100px;\"\n\t\t\t\t\t\t\t\tdata-border=\"bos:solid;boc:#000000;bow:1px,1px,1px,1px;\"\n\t\t\t\t\t\t\t\tdata-frame_999=\"o:0;st:w;\"\n\t\t\t\t\t\t\t\tstyle=\"z-index:8;\"\n\t\t\t\t\t\t\t><img src=\"\/\/kalitefuari.com\/wp-content\/plugins\/revslider\/sr6\/assets\/assets\/dummy.png\" alt=\"\" class=\"tp-rs-img rs-lazyload\" width=\"300\" height=\"150\" data-lazyload=\"\/\/kalitefuari.com\/wp-content\/uploads\/2019\/12\/banner_karfo_2.jpg\" data-no-retina> \n\t\t\t\t\t\t\t<\/a><!--\n\n\t\t\t\t\t\t\t--><a\n\t\t\t\t\t\t\t\tid=\"slider-23-slide-219-layer-6\" \n\t\t\t\t\t\t\t\tclass=\"rs-layer\"\n\t\t\t\t\t\t\t\thref=\"https:\/\/tezmaksanrobotics.com\/\" target=\"_blank\" rel=\"noopener\"\n\t\t\t\t\t\t\t\tdata-type=\"image\"\n\t\t\t\t\t\t\t\tdata-rsp_ch=\"on\"\n\t\t\t\t\t\t\t\tdata-xy=\"xo:652px,652px,652px,20px;y:b;yo:12px,12px,12px,10px;\"\n\t\t\t\t\t\t\t\tdata-text=\"w:normal;s:20,20,20,4;l:0,0,0,6;\"\n\t\t\t\t\t\t\t\tdata-dim=\"w:348px,348px,348px,217px;h:149px,149px,149px,93px;\"\n\t\t\t\t\t\t\t\tdata-border=\"bos:solid;boc:#000000;bow:1px,1px,1px,1px;\"\n\t\t\t\t\t\t\t\tdata-frame_999=\"o:0;st:w;\"\n\t\t\t\t\t\t\t\tstyle=\"z-index:19;\"\n\t\t\t\t\t\t\t><img src=\"\/\/kalitefuari.com\/wp-content\/plugins\/revslider\/sr6\/assets\/assets\/dummy.png\" alt=\"\" class=\"tp-rs-img rs-lazyload\" width=\"973\" height=\"417\" data-lazyload=\"\/\/kalitefuari.com\/wp-content\/uploads\/2026\/01\/tezmaksan.png\" data-no-retina> \n\t\t\t\t\t\t\t<\/a><!--\n\n\t\t\t\t\t\t\t--><a\n\t\t\t\t\t\t\t\tid=\"slider-23-slide-219-layer-7\" \n\t\t\t\t\t\t\t\tclass=\"rs-layer\"\n\t\t\t\t\t\t\t\thref=\"https:\/\/www.als.com.tr\/\" target=\"_blank\" rel=\"noopener\"\n\t\t\t\t\t\t\t\tdata-type=\"image\"\n\t\t\t\t\t\t\t\tdata-rsp_ch=\"on\"\n\t\t\t\t\t\t\t\tdata-xy=\"x:c,c,c,r;xo:0,0,0,33px;y:m,m,m,b;yo:0,0,0,465px;\"\n\t\t\t\t\t\t\t\tdata-text=\"w:normal;s:20,20,20,4;l:0,0,0,6;\"\n\t\t\t\t\t\t\t\tdata-dim=\"w:300px,300px,300px,197px;h:150px,150px,150px,99px;\"\n\t\t\t\t\t\t\t\tdata-border=\"bos:solid;boc:#0c0c0c;bow:1px,1px,1px,1px;\"\n\t\t\t\t\t\t\t\tdata-frame_999=\"o:0;st:w;\"\n\t\t\t\t\t\t\t\tstyle=\"z-index:12;\"\n\t\t\t\t\t\t\t><img src=\"\/\/kalitefuari.com\/wp-content\/plugins\/revslider\/sr6\/assets\/assets\/dummy.png\" alt=\"\" class=\"tp-rs-img rs-lazyload\" width=\"300\" height=\"150\" data-lazyload=\"\/\/kalitefuari.com\/wp-content\/uploads\/2024\/01\/ALS-Logo.jpg\" data-no-retina> \n\t\t\t\t\t\t\t<\/a><!--\n\n\t\t\t\t\t\t\t--><a\n\t\t\t\t\t\t\t\tid=\"slider-23-slide-219-layer-8\" \n\t\t\t\t\t\t\t\tclass=\"rs-layer\"\n\t\t\t\t\t\t\t\thref=\"https:\/\/www.megadanismanlik.com.tr\/\" target=\"_self\"\n\t\t\t\t\t\t\t\tdata-type=\"image\"\n\t\t\t\t\t\t\t\tdata-rsp_ch=\"on\"\n\t\t\t\t\t\t\t\tdata-xy=\"xo:531px,531px,531px,31px;y:b;yo:172px,172px,172px,349px;\"\n\t\t\t\t\t\t\t\tdata-text=\"w:normal;s:20,20,20,4;l:0,0,0,6;\"\n\t\t\t\t\t\t\t\tdata-dim=\"w:300px,300px,300px,193px;h:150px,150px,150px,97px;\"\n\t\t\t\t\t\t\t\tdata-frame_999=\"o:0;st:w;\"\n\t\t\t\t\t\t\t\tstyle=\"z-index:11;\"\n\t\t\t\t\t\t\t><img src=\"\/\/kalitefuari.com\/wp-content\/plugins\/revslider\/sr6\/assets\/assets\/dummy.png\" alt=\"\" class=\"tp-rs-img rs-lazyload\" width=\"300\" height=\"150\" data-lazyload=\"\/\/kalitefuari.com\/wp-content\/uploads\/2023\/08\/mega-danismanlik.jpg\" data-no-retina> \n\t\t\t\t\t\t\t<\/a><!--\n\n\t\t\t\t\t\t\t--><a\n\t\t\t\t\t\t\t\tid=\"slider-23-slide-219-layer-9\" \n\t\t\t\t\t\t\t\tclass=\"rs-layer\"\n\t\t\t\t\t\t\t\thref=\"https:\/\/3dm.com.tr\/\" target=\"_blank\" rel=\"noopener\"\n\t\t\t\t\t\t\t\tdata-type=\"image\"\n\t\t\t\t\t\t\t\tdata-rsp_ch=\"on\"\n\t\t\t\t\t\t\t\tdata-xy=\"x:r;xo:370px,370px,370px,38px;y:b;yo:12px,12px,12px,10px;\"\n\t\t\t\t\t\t\t\tdata-text=\"w:normal;s:20,20,20,4;l:0,0,0,6;\"\n\t\t\t\t\t\t\t\tdata-dim=\"w:300px,300px,300px,194px;h:150px,150px,150px,97px;\"\n\t\t\t\t\t\t\t\tdata-frame_999=\"o:0;st:w;\"\n\t\t\t\t\t\t\t\tstyle=\"z-index:21;\"\n\t\t\t\t\t\t\t><img src=\"\/\/kalitefuari.com\/wp-content\/plugins\/revslider\/sr6\/assets\/assets\/dummy.png\" alt=\"\" class=\"tp-rs-img rs-lazyload\" width=\"300\" height=\"150\" data-lazyload=\"\/\/kalitefuari.com\/wp-content\/uploads\/2026\/04\/3dm-web-site-banner.png\" data-no-retina> \n\t\t\t\t\t\t\t<\/a><!--\n\n\t\t\t\t\t\t\t--><a\n\t\t\t\t\t\t\t\tid=\"slider-23-slide-219-layer-10\" \n\t\t\t\t\t\t\t\tclass=\"rs-layer\"\n\t\t\t\t\t\t\t\thref=\"https:\/\/hardnessblock.com\/\" target=\"_blank\" rel=\"noopener\"\n\t\t\t\t\t\t\t\tdata-type=\"image\"\n\t\t\t\t\t\t\t\tdata-rsp_ch=\"on\"\n\t\t\t\t\t\t\t\tdata-xy=\"x:r,r,r,l;xo:211px,211px,211px,32px;y:b;yo:174px,174px,174px,122px;\"\n\t\t\t\t\t\t\t\tdata-text=\"w:normal;s:20,20,20,4;l:0,0,0,6;\"\n\t\t\t\t\t\t\t\tdata-dim=\"w:300px,300px,300px,192px;h:150px,150px,150px,96px;\"\n\t\t\t\t\t\t\t\tdata-border=\"bos:solid;boc:#0c0c0c;bow:1px,1px,1px,1px;\"\n\t\t\t\t\t\t\t\tdata-frame_999=\"o:0;st:w;\"\n\t\t\t\t\t\t\t\tstyle=\"z-index:17;\"\n\t\t\t\t\t\t\t><img src=\"\/\/kalitefuari.com\/wp-content\/plugins\/revslider\/sr6\/assets\/assets\/dummy.png\" alt=\"\" class=\"tp-rs-img rs-lazyload\" width=\"300\" height=\"150\" data-lazyload=\"\/\/kalitefuari.com\/wp-content\/uploads\/2025\/03\/bvr.png\" data-no-retina> \n\t\t\t\t\t\t\t<\/a><!--\n\n\t\t\t\t\t\t\t--><a\n\t\t\t\t\t\t\t\tid=\"slider-23-slide-219-layer-11\" \n\t\t\t\t\t\t\t\tclass=\"rs-layer\"\n\t\t\t\t\t\t\t\thref=\"https:\/\/www.mikrotest.com.tr\/\" target=\"_blank\" rel=\"noopener\"\n\t\t\t\t\t\t\t\tdata-type=\"image\"\n\t\t\t\t\t\t\t\tdata-rsp_ch=\"on\"\n\t\t\t\t\t\t\t\tdata-xy=\"x:r;xo:1364px,1364px,1364px,34px;y:b;yo:12px,12px,12px,237px;\"\n\t\t\t\t\t\t\t\tdata-text=\"w:normal;s:20,20,20,4;l:0,0,0,6;\"\n\t\t\t\t\t\t\t\tdata-dim=\"w:300px,300px,300px,199px;h:150px,150px,150px,100px;\"\n\t\t\t\t\t\t\t\tdata-border=\"bos:solid;boc:#000000;bow:1px,1px,1px,1px;\"\n\t\t\t\t\t\t\t\tdata-frame_999=\"o:0;st:w;\"\n\t\t\t\t\t\t\t\tstyle=\"z-index:18;\"\n\t\t\t\t\t\t\t><img src=\"\/\/kalitefuari.com\/wp-content\/plugins\/revslider\/sr6\/assets\/assets\/dummy.png\" alt=\"\" class=\"tp-rs-img rs-lazyload\" width=\"300\" height=\"150\" data-lazyload=\"\/\/kalitefuari.com\/wp-content\/uploads\/2025\/08\/Kalite_Fuari_Logo_300x150.png\" data-no-retina> \n\t\t\t\t\t\t\t<\/a><!--\n\n\t\t\t\t\t\t\t--><a\n\t\t\t\t\t\t\t\tid=\"slider-23-slide-219-layer-13\" \n\t\t\t\t\t\t\t\tclass=\"rs-layer\"\n\t\t\t\t\t\t\t\thref=\"http:\/\/www.zeiss.com.tr\" target=\"_blank\" rel=\"noopener\"\n\t\t\t\t\t\t\t\tdata-type=\"image\"\n\t\t\t\t\t\t\t\tdata-rsp_ch=\"on\"\n\t\t\t\t\t\t\t\tdata-xy=\"x:l,l,l,r;xo:1169px,1169px,1169px,33px;y:b;yo:174px,174px,174px,351px;\"\n\t\t\t\t\t\t\t\tdata-text=\"w:normal;s:20,20,20,4;l:0,0,0,6;\"\n\t\t\t\t\t\t\t\tdata-dim=\"w:300px,300px,300px,198px;h:150px,150px,150px,99px;\"\n\t\t\t\t\t\t\t\tdata-border=\"bos:solid;boc:#000000;bow:1px,1px,1px,1px;\"\n\t\t\t\t\t\t\t\tdata-frame_999=\"o:0;st:w;\"\n\t\t\t\t\t\t\t\tstyle=\"z-index:15;\"\n\t\t\t\t\t\t\t><img src=\"\/\/kalitefuari.com\/wp-content\/plugins\/revslider\/sr6\/assets\/assets\/dummy.png\" alt=\"\" class=\"tp-rs-img rs-lazyload\" width=\"300\" height=\"150\" data-lazyload=\"\/\/kalitefuari.com\/wp-content\/uploads\/2025\/01\/zeiss-1.png\" data-no-retina> \n\t\t\t\t\t\t\t<\/a><!--\n\n\t\t\t\t\t\t\t--><a\n\t\t\t\t\t\t\t\tid=\"slider-23-slide-219-layer-15\" \n\t\t\t\t\t\t\t\tclass=\"rs-layer\"\n\t\t\t\t\t\t\t\thref=\"https:\/\/insize.com.tr\/\" target=\"_blank\" rel=\"noopener\"\n\t\t\t\t\t\t\t\tdata-type=\"image\"\n\t\t\t\t\t\t\t\tdata-rsp_ch=\"on\"\n\t\t\t\t\t\t\t\tdata-xy=\"x:l,l,l,r;xo:1014px,1014px,1014px,36px;y:b;yo:12px,12px,12px,123px;\"\n\t\t\t\t\t\t\t\tdata-text=\"w:normal;s:20,20,20,4;l:0,0,0,6;\"\n\t\t\t\t\t\t\t\tdata-dim=\"w:300px,300px,300px,196px;h:150px,150px,150px,98px;\"\n\t\t\t\t\t\t\t\tdata-border=\"bos:solid;boc:#000000;bow:1px,1px,1px,1px;\"\n\t\t\t\t\t\t\t\tdata-frame_999=\"o:0;st:w;\"\n\t\t\t\t\t\t\t\tstyle=\"z-index:20;\"\n\t\t\t\t\t\t\t><img src=\"\/\/kalitefuari.com\/wp-content\/plugins\/revslider\/sr6\/assets\/assets\/dummy.png\" alt=\"\" class=\"tp-rs-img rs-lazyload\" width=\"300\" height=\"150\" data-lazyload=\"\/\/kalitefuari.com\/wp-content\/uploads\/2026\/03\/insize.png\" data-no-retina> \n\t\t\t\t\t\t\t<\/a><!--\n-->\t\t\t\t\t<\/rs-slide>\n\t\t\t\t\t<\/rs-slides>\n\t\t\t\t<\/rs-module>\n\t\t\t\t<script>\n\t\t\t\t\tsetREVStartSize({c: 'rev_slider_23_1',rl:[1240,1240,1240,480],el:[500,500,500,800],gw:[2000,2000,2000,480],gh:[500,500,500,800],type:'standard',justify:'',layout:'fullwidth',mh:\"0\"});if (window.RS_MODULES!==undefined && window.RS_MODULES.modules!==undefined && window.RS_MODULES.modules[\"revslider231\"]!==undefined) {window.RS_MODULES.modules[\"revslider231\"].once = false;window.revapi23 = undefined;if (window.RS_MODULES.checkMinimal!==undefined) window.RS_MODULES.checkMinimal()}\n\t\t\t\t<\/script>\n\t\t\t<\/rs-module-wrap>\n\t\t\t<!-- END REVOLUTION SLIDER -->\n[\/vc_column][\/vc_row][vc_row][vc_column]<div class=\"vcex-page-title vcex-module\"><h1 class=\"vcex-page-title__heading wpex-heading wpex-text-3xl\"><span class=\"vcex-page-title__text\">Kalite &#8217;23 Exhibitors List<\/span><\/h1><\/div>[\/vc_column][\/vc_row][vc_row][vc_column][vc_column_text]\n<h4>3DM TEKNOLOJ\u0130 SAN. VE T\u0130C. A.\u015e.<br \/>\nA.R.T. YAYINCILIK<br \/>\nADLEMA MAK\u0130NA TEKNOLOJ\u0130LER\u0130 A.\u015e.<br \/>\nALPEGE END\u00dcSTR\u0130YEL METROLOJ\u0130 SAN.H\u0130Z.VE DI\u015e T\u0130C.LTD.\u015eT\u0130.<br \/>\nALS LABORATUAR C\u0130HAZLARI PAZ.VE T\u0130C.LTD.\u015eT\u0130.<br \/>\nARC MAK\u0130NA SAN. VE T\u0130C. LTD. \u015eT\u0130.<br \/>\nARPROM 3D \u00d6L\u00c7\u00dc S\u0130STEMLER\u0130 MAK\u0130NE SAN.VE T\u0130C.LTD.\u015eT\u0130.<br \/>\nAZE OTOMASYON E\u011e\u0130T\u0130M VE DANI\u015eMANLIK A.\u015e.<br \/>\nB\u0130LG\u0130NO\u011eLU END\u00dcSTR\u0130 MALZEMELER\u0130 SAN.T\u0130C.A.\u015e.<br \/>\nBMS BULUT MAK. SAN. VE T\u0130C. LTD. \u015eT\u0130.<br \/>\nBVA M\u00dcMESS\u0130LL\u0130K MAK\u0130NA SAN.VE T\u0130C.LTD.\u015eT\u0130.<br \/>\nCADEM DIGITAL YAZILIM H\u0130ZMETLER\u0130 A.\u015e.<br \/>\nCADEM METROLOJ\u0130 \u00c7\u00d6Z\u00dcMLER\u0130 A.\u015e.<br \/>\nCARL ZEISS TEKNOLOJ\u0130 \u00c7\u00d6Z\u00dcMLER\u0130 T\u0130C.LTD.\u015eT\u0130.<br \/>\nDEN\u0130Z METAL \u0130TH. \u0130HR. PAZ. SAN. VE T\u0130C. LTD.\u015eT\u0130.<br \/>\nDURU S\u0130STEM MAK\u0130NE SAN. T\u0130C. LTD. \u015eT\u0130.<br \/>\nEGE KAL\u0130TE TEST S\u0130STEMLER\u0130 T\u0130C. LTD\u0130 \u015eT\u0130.<br \/>\nEMTEST AR-GE VE TEST \u00c7\u00d6Z\u00dcMLER\u0130 A.\u015e.<br \/>\nERG\u00dc MAK\u0130NA LABORATUVAR TEST EK\u0130PMANLARI SAN.VE T\u0130C.LTD.\u015eT\u0130.<br \/>\nHEXAGON METROLOGY MAK\u0130NE T\u0130C.VE SAN.LTD. \u015eT\u0130.<br \/>\nINSTRO END\u00dcSTR\u0130YEL \u00d6L\u00c7\u00dcM \u00dcR\u00dcNLER\u0130 SAN.T\u0130C.LTD.\u015eT\u0130.<br \/>\n\u0130NCEKARALAR TIBB\u0130 C\u0130HAZLAR T\u0130CARET A.\u015e.<br \/>\n\u0130NFOTRON ELEKTRON\u0130K VE B\u0130LG\u0130SAYAR S\u0130ST.\u00dcRET\u0130M VE T\u0130C.A.\u015e.<br \/>\nKAO ELEKTRON\u0130K VE B\u0130LG\u0130SAYAR SAN.T\u0130C.LTD.\u015eT\u0130.<br \/>\nKARFO END\u00dcSTR\u0130YEL VE LAB. C\u0130H. SAN. DI\u015e T\u0130C. LTD. \u015eT\u0130.<br \/>\nKBE M\u00dcH.MAK.TASARIM OTOMOT\u0130V VE YAZILIM DESTEK SAN.VE T\u0130C.LTD.\u015eT\u0130.<br \/>\nMAK ELEKTRON\u0130K MALZEME ANAL\u0130Z VE KAL\u0130TE KONTROL C\u0130H.DI\u015e.T\u0130C.LTD.\u015eT\u0130.<br \/>\nMAKRO TEKN\u0130K MALZEME VE MAK.SAN.DI\u015e T\u0130C.LTD.\u015eT\u0130.<br \/>\nMEGA DANI\u015eMANLIK TEMS\u0130LC\u0130L\u0130K DI\u015e T\u0130C. A.\u015e.<br \/>\nMESTEK KAL\u0130TE KONTROL VE \u00d6L\u00c7ME S\u0130STEMLER\u0130 SAN.T\u0130C.LTD.\u015eT\u0130.<br \/>\nMETKON END\u00dcSTR\u0130YEL C\u0130H.SAN. VE T\u0130C. A.\u015e.<br \/>\nM\u0130KROTEST END.C\u0130H.PAZ.SAN.VE T\u0130C.LTD.\u015eT\u0130.<br \/>\nM\u0130TACAN DI\u015e T\u0130CARET VE OTOMASYON A.\u015e.<br \/>\nM\u0130TALON \u0130NOVAT\u0130F M\u00dcH.\u00dcRET\u0130M SAN. VE T\u0130C. LTD. \u015eT\u0130.<br \/>\nMTC METALURJ\u0130 SANAY\u0130 VE T\u0130CARET A.\u015e.<br \/>\nNORM TAM TAKIM APARAT MASTAR \u0130ML.SAN.VE T\u0130C.LTD.\u015eT\u0130.<br \/>\nOFEMS M\u00dcH.TASARIM H\u0130ZMETLER\u0130 MAK.OTOMOT\u0130V \u0130TH.\u0130HR.A.\u015e.<br \/>\nONALKON KAL\u0130TE KONTROL END. OTO. MAK. SAN. T\u0130C. LTD. \u015eT\u0130.<br \/>\n\u00d6ZDEM\u0130R MODEL D\u00d6K\u00dcM KALIP YEDEK PAR\u00c7A SAN. VE T\u0130C.LTD.\u015eT\u0130.<br \/>\nPOL\u0130GON M\u00dcHEND\u0130SL\u0130K \u00dcR\u00dcN GEL\u0130\u015eT\u0130RME VE \u0130ML.TEKNOLOJ\u0130LER\u0130 A.\u015e.<br \/>\nPOLYWORKS YAZILIM SAN.VE T\u0130C.A.\u015e.<br \/>\nRB METALURJ\u0130 M\u00dcHEND\u0130SL\u0130K SAN. VE T\u0130C. A.\u015e.<br \/>\nRENISHAW TEKNOLOJ\u0130 \u00c7\u00d6Z\u00dcMLER\u0130 LTD.\u015eT\u0130.<br \/>\nREPAMET ELEKTRON\u0130K S\u0130ST.M\u00dcM.TEKN\u0130K SERV\u0130S VE T\u0130C.LTD.\u015eT\u0130.<br \/>\nSEKT\u00d6REL TANITIM GRUBU VE REK.VE T\u0130C. LTD.\u015eT\u0130.<br \/>\nSTAR TEKN\u0130K ELK.C\u0130H.SAN.T\u0130C.LTD.\u015eT\u0130.<br \/>\nTDB KAL\u0130BRASYON H\u0130ZMETLER\u0130 A.\u015e.<br \/>\nTEKAFOS TEKNOLOJ\u0130K S\u0130STEMLER T\u0130C.LTD.\u015eT\u0130.<br \/>\nTAKIM TEZGAHLARI SANAY\u0130C\u0130 ve \u0130\u015e \u0130NSANLARI DERNE\u011e\u0130 (T\u0130AD)<br \/>\nTROY-MET KAL\u0130TE KONTROL S\u0130STEMLER\u0130 SAN.T\u0130C.LTD.\u015eT\u0130.<br \/>\nU\u00c7KAN TEST \u00d6L\u00c7\u00dcM S\u0130STEMLER\u0130 SAN. VE T\u0130C. LTD. \u015eT\u0130.<br \/>\nYAMER END\u00dcSTR\u0130YEL \u00dcR\u00dcNLER T\u0130C.LTD.\u015eT\u0130.<br \/>\nZETMES MAK\u0130NE SANAY\u0130 VE T\u0130CARET A.\u015e.<\/h4>\n[\/vc_column_text][\/vc_column][\/vc_row]\n<\/div>","protected":false},"excerpt":{"rendered":"<p>[vc_row full_width=&#8221;stretch_row_content&#8221;][vc_column][\/vc_column][\/vc_row][vc_row][vc_column][\/vc_column][\/vc_row][vc_row][vc_column][vc_column_text] 3DM TEKNOLOJ\u0130 SAN. VE T\u0130C. A.\u015e. A.R.T. YAYINCILIK ADLEMA MAK\u0130NA TEKNOLOJ\u0130LER\u0130 A.\u015e. ALPEGE END\u00dcSTR\u0130YEL METROLOJ\u0130 SAN.H\u0130Z.VE DI\u015e T\u0130C.LTD.\u015eT\u0130. ALS LABORATUAR C\u0130HAZLARI PAZ.VE T\u0130C.LTD.\u015eT\u0130. ARC MAK\u0130NA SAN. VE T\u0130C. LTD. \u015eT\u0130. ARPROM 3D \u00d6L\u00c7\u00dc S\u0130STEMLER\u0130 MAK\u0130NE SAN.VE T\u0130C.LTD.\u015eT\u0130. AZE OTOMASYON E\u011e\u0130T\u0130M VE DANI\u015eMANLIK A.\u015e. B\u0130LG\u0130NO\u011eLU END\u00dcSTR\u0130 MALZEMELER\u0130 SAN.T\u0130C.A.\u015e. BMS BULUT MAK. SAN. VE T\u0130C.&hellip;<\/p>\n","protected":false},"author":1,"featured_media":0,"parent":0,"menu_order":0,"comment_status":"closed","ping_status":"closed","template":"","meta":{"_exactmetrics_skip_tracking":false,"_exactmetrics_sitenote_active":false,"_exactmetrics_sitenote_note":"","_exactmetrics_sitenote_category":0,"footnotes":""},"class_list":["post-52","page","type-page","status-publish","hentry","entry","no-media"],"_links":{"self":[{"href":"https:\/\/kalitefuari.com\/en\/wp-json\/wp\/v2\/pages\/52"}],"collection":[{"href":"https:\/\/kalitefuari.com\/en\/wp-json\/wp\/v2\/pages"}],"about":[{"href":"https:\/\/kalitefuari.com\/en\/wp-json\/wp\/v2\/types\/page"}],"author":[{"embeddable":true,"href":"https:\/\/kalitefuari.com\/en\/wp-json\/wp\/v2\/users\/1"}],"replies":[{"embeddable":true,"href":"https:\/\/kalitefuari.com\/en\/wp-json\/wp\/v2\/comments?post=52"}],"version-history":[{"count":21,"href":"https:\/\/kalitefuari.com\/en\/wp-json\/wp\/v2\/pages\/52\/revisions"}],"predecessor-version":[{"id":2161,"href":"https:\/\/kalitefuari.com\/en\/wp-json\/wp\/v2\/pages\/52\/revisions\/2161"}],"wp:attachment":[{"href":"https:\/\/kalitefuari.com\/en\/wp-json\/wp\/v2\/media?parent=52"}],"curies":[{"name":"wp","href":"https:\/\/api.w.org\/{rel}","templated":true}]}}